{"id":1152,"date":"2024-05-28T01:45:59","date_gmt":"2024-05-28T01:45:59","guid":{"rendered":"http:\/\/178.128.235.10\/?page_id=1152"},"modified":"2025-09-10T20:35:28","modified_gmt":"2025-09-10T20:35:28","slug":"program-areas","status":"publish","type":"page","link":"https:\/\/renewablesnb.ca\/fr\/program-areas\/","title":{"rendered":"Domaines de programme"},"content":{"rendered":"<div data-elementor-type=\"wp-page\" data-elementor-id=\"1152\" class=\"elementor elementor-1152\">\n\t\t\t\t<div class=\"elementor-element elementor-element-e65408c e-con-full fullWidthHero e-flex e-con e-parent\" data-id=\"e65408c\" data-element_type=\"container\" data-e-type=\"container\" data-settings=\"{&quot;background_background&quot;:&quot;classic&quot;}\">\n\t\t<div class=\"elementor-element elementor-element-398202a e-con-full e-flex e-con e-child\" data-id=\"398202a\" data-element_type=\"container\" data-e-type=\"container\" data-settings=\"{&quot;background_background&quot;:&quot;classic&quot;}\">\n\t\t\t\t<div class=\"elementor-element elementor-element-f8ffee4 subHeroText elementor-widget elementor-widget-heading\" data-id=\"f8ffee4\" data-element_type=\"widget\" data-e-type=\"widget\" data-widget_type=\"heading.default\">\n\t\t\t\t<div class=\"elementor-widget-container\">\n\t\t\t\t\t<h2 class=\"elementor-heading-title elementor-size-default\">Domaines de programme<\/h2>\t\t\t\t<\/div>\n\t\t\t\t<\/div>\n\t\t\t\t<\/div>\n\t\t\t\t<\/div>\n\t\t<div class=\"elementor-element elementor-element-8340359 e-flex e-con-boxed e-con e-parent\" data-id=\"8340359\" data-element_type=\"container\" data-e-type=\"container\">\n\t\t\t\t\t<div class=\"e-con-inner\">\n\t\t<div class=\"elementor-element elementor-element-a1e6e90 e-con-full e-flex e-con e-child\" data-id=\"a1e6e90\" data-element_type=\"container\" data-e-type=\"container\">\n\t\t\t\t<div class=\"elementor-element elementor-element-4ca428d elementor-widget elementor-widget-html\" data-id=\"4ca428d\" data-element_type=\"widget\" data-e-type=\"widget\" data-widget_type=\"html.default\">\n\t\t\t\t<div class=\"elementor-widget-container\">\n\t\t\t\t\t<div class=\"programAreaBox\">\n    <h4 class=\"programTitle\">Changements climatiques<\/h4>\n    <a href=\"\/fr\/climate-change-area\/\">Plus d'informations<img decoding=\"async\" src=\"\/wp-content\/uploads\/2024\/05\/green-arrow-right.png\" \/><\/a>\n<\/div>\t\t\t\t<\/div>\n\t\t\t\t<\/div>\n\t\t\t\t<\/div>\n\t\t<div class=\"elementor-element elementor-element-2842138 e-con-full e-flex e-con e-child\" data-id=\"2842138\" data-element_type=\"container\" data-e-type=\"container\">\n\t\t\t\t<div class=\"elementor-element elementor-element-c04a014 elementor-widget elementor-widget-html\" data-id=\"c04a014\" data-element_type=\"widget\" data-e-type=\"widget\" data-widget_type=\"html.default\">\n\t\t\t\t<div class=\"elementor-widget-container\">\n\t\t\t\t\t<div class=\"programAreaBox\">\n    <h4 class=\"programTitle\">Efficacit\u00e9 \u00e9nerg\u00e9tique<\/h4>\n    <a href=\"\/fr\/energy-efficiency-area\/\">Plus d'informations<img decoding=\"async\" src=\"\/wp-content\/uploads\/2024\/05\/green-arrow-right.png\" \/><\/a>\n<\/div>\t\t\t\t<\/div>\n\t\t\t\t<\/div>\n\t\t\t\t<\/div>\n\t\t<div class=\"elementor-element elementor-element-29c5378 e-con-full e-flex e-con e-child\" data-id=\"29c5378\" data-element_type=\"container\" data-e-type=\"container\">\n\t\t\t\t<div class=\"elementor-element elementor-element-f9357c2 elementor-widget elementor-widget-html\" data-id=\"f9357c2\" data-element_type=\"widget\" data-e-type=\"widget\" data-widget_type=\"html.default\">\n\t\t\t\t<div class=\"elementor-widget-container\">\n\t\t\t\t\t<div class=\"programAreaBox\">\n    <h4 class=\"programTitle\">\u00c9nergie Solaire<\/h4>\n    <a href=\"\/fr\/solar-area\/\">Plus d'informations<img decoding=\"async\" src=\"\/wp-content\/uploads\/2024\/05\/green-arrow-right.png\" \/><\/a>\n<\/div>\t\t\t\t<\/div>\n\t\t\t\t<\/div>\n\t\t\t\t<\/div>\n\t\t<div class=\"elementor-element elementor-element-dfb25a1 e-con-full e-flex e-con e-child\" data-id=\"dfb25a1\" data-element_type=\"container\" data-e-type=\"container\">\n\t\t\t\t<div class=\"elementor-element elementor-element-bc53ab3 elementor-widget elementor-widget-html\" data-id=\"bc53ab3\" data-element_type=\"widget\" data-e-type=\"widget\" data-widget_type=\"html.default\">\n\t\t\t\t<div class=\"elementor-widget-container\">\n\t\t\t\t\t<div class=\"programAreaBox\">\n    <h4 class=\"programTitle\">Bio\u00e9nergie<\/h4>\n    <a href=\"\/fr\/bioenergy-area\/\">Plus d'informations<img decoding=\"async\" src=\"\/wp-content\/uploads\/2024\/05\/green-arrow-right.png\" \/><\/a>\n<\/div>\t\t\t\t<\/div>\n\t\t\t\t<\/div>\n\t\t\t\t<\/div>\n\t\t<div class=\"elementor-element elementor-element-f3f0af2 e-con-full e-flex e-con e-child\" data-id=\"f3f0af2\" data-element_type=\"container\" data-e-type=\"container\">\n\t\t\t\t<div class=\"elementor-element elementor-element-887eb98 elementor-widget elementor-widget-html\" data-id=\"887eb98\" data-element_type=\"widget\" data-e-type=\"widget\" data-widget_type=\"html.default\">\n\t\t\t\t<div class=\"elementor-widget-container\">\n\t\t\t\t\t<div class=\"programAreaBox\">\n    <h4 class=\"programTitle\">Hydro\u00e9lectricit\u00e9<\/h4>\n    <a href=\"\/fr\/hydro-area\/\">Plus d'informations<img decoding=\"async\" src=\"\/wp-content\/uploads\/2024\/05\/green-arrow-right.png\" \/><\/a>\n<\/div>\t\t\t\t<\/div>\n\t\t\t\t<\/div>\n\t\t\t\t<\/div>\n\t\t<div class=\"elementor-element elementor-element-c5931b7 e-con-full e-flex e-con e-child\" data-id=\"c5931b7\" data-element_type=\"container\" data-e-type=\"container\">\n\t\t\t\t<div class=\"elementor-element elementor-element-4436801 elementor-widget elementor-widget-html\" data-id=\"4436801\" data-element_type=\"widget\" data-e-type=\"widget\" data-widget_type=\"html.default\">\n\t\t\t\t<div class=\"elementor-widget-container\">\n\t\t\t\t\t<div class=\"programAreaBox\">\n    <h4 class=\"programTitle\">G\u00e9othermie<\/h4>\n    <a href=\"\/fr\/geothermal-area\/\">Plus d'informations<img decoding=\"async\" src=\"\/wp-content\/uploads\/2024\/05\/green-arrow-right.png\" \/><\/a>\n<\/div>\t\t\t\t<\/div>\n\t\t\t\t<\/div>\n\t\t\t\t<\/div>\n\t\t<div class=\"elementor-element elementor-element-d3b754a e-con-full e-flex e-con e-child\" data-id=\"d3b754a\" data-element_type=\"container\" data-e-type=\"container\">\n\t\t\t\t<div class=\"elementor-element elementor-element-9ddb6e1 elementor-widget elementor-widget-html\" data-id=\"9ddb6e1\" data-element_type=\"widget\" data-e-type=\"widget\" data-widget_type=\"html.default\">\n\t\t\t\t<div class=\"elementor-widget-container\">\n\t\t\t\t\t<div class=\"programAreaBox\">\n    <h4 class=\"programTitle\">\u00c9olien<\/h4>\n    <a href=\"\/fr\/wind-area\/\">Plus d'informations<img decoding=\"async\" src=\"\/wp-content\/uploads\/2024\/05\/green-arrow-right.png\" \/><\/a>\n<\/div>\t\t\t\t<\/div>\n\t\t\t\t<\/div>\n\t\t\t\t<\/div>\n\t\t<div class=\"elementor-element elementor-element-6d6b264 e-con-full e-flex e-con e-child\" data-id=\"6d6b264\" data-element_type=\"container\" data-e-type=\"container\">\n\t\t\t\t<div class=\"elementor-element elementor-element-fb77da1 elementor-widget elementor-widget-html\" data-id=\"fb77da1\" data-element_type=\"widget\" data-e-type=\"widget\" data-widget_type=\"html.default\">\n\t\t\t\t<div class=\"elementor-widget-container\">\n\t\t\t\t\t<div class=\"programAreaBox\">\n    <h4 class=\"programTitle\">Composants d\u2019un syst\u00e8me<\/h4>\n    <a href=\"\/fr\/system-components-area\/\">Plus d'informations<img decoding=\"async\" src=\"\/wp-content\/uploads\/2024\/05\/green-arrow-right.png\" \/><\/a>\n<\/div>\t\t\t\t<\/div>\n\t\t\t\t<\/div>\n\t\t\t\t<\/div>\n\t\t\t\t\t<\/div>\n\t\t\t\t<\/div>\n\t\t<div class=\"elementor-element elementor-element-2cc011e e-grid e-con-full e-con e-parent\" data-id=\"2cc011e\" data-element_type=\"container\" data-e-type=\"container\" data-settings=\"{&quot;background_background&quot;:&quot;classic&quot;}\">\n\t\t<div class=\"elementor-element elementor-element-1164060 e-con-full footerPadding firstFooter e-flex e-con e-child\" data-id=\"1164060\" data-element_type=\"container\" data-e-type=\"container\">\n\t\t\t\t<div class=\"elementor-element elementor-element-393cbc0 elementor-widget elementor-widget-image\" data-id=\"393cbc0\" data-element_type=\"widget\" data-e-type=\"widget\" data-widget_type=\"image.default\">\n\t\t\t\t<div class=\"elementor-widget-container\">\n\t\t\t\t\t\t\t\t\t\t\t\t\t\t\t<img decoding=\"async\" width=\"406\" height=\"104\" src=\"https:\/\/renewablesnb.ca\/wp-content\/uploads\/2025\/05\/RNB-Logo-Fr-White.png\" class=\"attachment-full size-full wp-image-546\" alt=\"\" srcset=\"https:\/\/renewablesnb.ca\/wp-content\/uploads\/2025\/05\/RNB-Logo-Fr-White.png 1934w, https:\/\/renewablesnb.ca\/wp-content\/uploads\/2025\/05\/RNB-Logo-Fr-White-300x68.png 300w, https:\/\/renewablesnb.ca\/wp-content\/uploads\/2025\/05\/RNB-Logo-Fr-White-1024x233.png 1024w, https:\/\/renewablesnb.ca\/wp-content\/uploads\/2025\/05\/RNB-Logo-Fr-White-768x175.png 768w, https:\/\/renewablesnb.ca\/wp-content\/uploads\/2025\/05\/RNB-Logo-Fr-White-1536x349.png 1536w, https:\/\/renewablesnb.ca\/wp-content\/uploads\/2025\/05\/RNB-Logo-Fr-White-18x4.png 18w\" sizes=\"(max-width: 406px) 100vw, 406px\" \/>\t\t\t\t\t\t\t\t\t\t\t\t\t\t\t<\/div>\n\t\t\t\t<\/div>\n\t\t\t\t<div class=\"elementor-element elementor-element-4741f4d footerText elementor-widget elementor-widget-heading\" data-id=\"4741f4d\" data-element_type=\"widget\" data-e-type=\"widget\" data-widget_type=\"heading.default\">\n\t\t\t\t<div class=\"elementor-widget-container\">\n\t\t\t\t\t<h2 class=\"elementor-heading-title elementor-size-default\">Source d\u2019information sur la production d\u2019\u00e9nergie renouvelable \u00e0 petite \u00e9chelle, au Nouveau-Brunswick\n<br><br>\nNous esp\u00e9rons lever les obstacles \u00e0 la connaissance pour ceux qui entrent dans le monde de l'\u00e9nergie renouvelable et inspirer les N\u00e9o-Brunswickois \u00e0 \u00eatre aussi passionn\u00e9s par ces technologies que nous le sommes.<\/h2>\t\t\t\t<\/div>\n\t\t\t\t<\/div>\n\t\t\t\t<\/div>\n\t\t<div class=\"elementor-element elementor-element-26cb58b e-con-full footerPadding secondFooter e-flex e-con e-child\" data-id=\"26cb58b\" data-element_type=\"container\" data-e-type=\"container\">\n\t\t\t\t<div class=\"elementor-element elementor-element-10046ae elementor-widget elementor-widget-heading\" data-id=\"10046ae\" data-element_type=\"widget\" data-e-type=\"widget\" data-widget_type=\"heading.default\">\n\t\t\t\t<div class=\"elementor-widget-container\">\n\t\t\t\t\t<h2 class=\"elementor-heading-title elementor-size-default\">Liens du site<\/h2>\t\t\t\t<\/div>\n\t\t\t\t<\/div>\n\t\t\t\t<div class=\"elementor-element elementor-element-b857311 elementor-widget elementor-widget-html\" data-id=\"b857311\" data-element_type=\"widget\" data-e-type=\"widget\" data-widget_type=\"html.default\">\n\t\t\t\t<div class=\"elementor-widget-container\">\n\t\t\t\t\t<div class=\"halfOne\">\n<a href=\"\/fr\/home\/\">Accueil<\/a>\n<a href=\"\/fr\/about\/\">\u00c0 propos de<\/a>\n<a href=\"\/fr\/incentives\/\">Incitatifs<\/a>\n<a href=\"\/fr\/contact\/\">Contactez-nous<\/a>\n<\/div><div class=\"halfOne\">\n<a href=\"\/fr\/case-studies\/\">\u00c9tudes de cas<\/a>\n<a href=\"\/fr\/program-areas\/\">Domaines de programme<\/a>\n<a href=\"\/fr\/resources\/\">Les ressources<\/a>\n<\/div>\t\t\t\t<\/div>\n\t\t\t\t<\/div>\n\t\t\t\t<\/div>\n\t\t<div class=\"elementor-element elementor-element-4497b9d e-con-full footerPadding lastFooter e-flex e-con e-child\" data-id=\"4497b9d\" data-element_type=\"container\" data-e-type=\"container\">\n\t\t\t\t<div class=\"elementor-element elementor-element-ea51b7a elementor-widget elementor-widget-heading\" data-id=\"ea51b7a\" data-element_type=\"widget\" data-e-type=\"widget\" data-widget_type=\"heading.default\">\n\t\t\t\t<div class=\"elementor-widget-container\">\n\t\t\t\t\t<h2 class=\"elementor-heading-title elementor-size-default\">Autres liens<\/h2>\t\t\t\t<\/div>\n\t\t\t\t<\/div>\n\t\t\t\t<div class=\"elementor-element elementor-element-ff64baf elementor-widget elementor-widget-html\" data-id=\"ff64baf\" data-element_type=\"widget\" data-e-type=\"widget\" data-widget_type=\"html.default\">\n\t\t\t\t<div class=\"elementor-widget-container\">\n\t\t\t\t\t<div class=\"socialFooter\">\n    <a href=\"https:\/\/www.facebook.com\/eosecoenergyinc\/\"><img decoding=\"async\" src=\"\/wp-content\/uploads\/2024\/05\/facebook-1.png\" \/><\/a>    <a href=\"https:\/\/www.instagram.com\/eosecoenergy\/?hl=en\"><img decoding=\"async\" src=\"\/wp-content\/uploads\/2024\/05\/instagram-1.png\" \/><\/a>\n    <a href=\"https:\/\/www.youtube.com\/channel\/UC4UJaDRkpCUme9miBDFME_g\"><img decoding=\"async\" src=\"\/wp-content\/uploads\/2024\/05\/youtube-1.png\" \/><\/a><a href=\"https:\/\/www.linkedin.com\/company\/eos-eco-energy\/\"><img decoding=\"async\" src=\"\/wp-content\/uploads\/2024\/05\/linkedin-1.png\" \/><\/a>  \n<\/div>\t\t\t\t<\/div>\n\t\t\t\t<\/div>\n\t\t\t\t<div class=\"elementor-element elementor-element-3e3dbc5 borderTop elementor-widget elementor-widget-image\" data-id=\"3e3dbc5\" data-element_type=\"widget\" data-e-type=\"widget\" data-widget_type=\"image.default\">\n\t\t\t\t<div class=\"elementor-widget-container\">\n\t\t\t\t\t\t\t\t\t\t\t\t\t\t\t<img fetchpriority=\"high\" decoding=\"async\" width=\"640\" height=\"313\" src=\"https:\/\/renewablesnb.ca\/wp-content\/uploads\/2024\/05\/nb-canada-logo-1024x500.png\" class=\"attachment-large size-large wp-image-636\" alt=\"\" srcset=\"https:\/\/renewablesnb.ca\/wp-content\/uploads\/2024\/05\/nb-canada-logo-1024x500.png 1024w, https:\/\/renewablesnb.ca\/wp-content\/uploads\/2024\/05\/nb-canada-logo-300x147.png 300w, https:\/\/renewablesnb.ca\/wp-content\/uploads\/2024\/05\/nb-canada-logo-768x375.png 768w, https:\/\/renewablesnb.ca\/wp-content\/uploads\/2024\/05\/nb-canada-logo-1536x751.png 1536w, https:\/\/renewablesnb.ca\/wp-content\/uploads\/2024\/05\/nb-canada-logo-2048x1001.png 2048w\" sizes=\"(max-width: 640px) 100vw, 640px\" \/>\t\t\t\t\t\t\t\t\t\t\t\t\t\t\t<\/div>\n\t\t\t\t<\/div>\n\t\t\t\t<\/div>\n\t\t\t\t<\/div>\n\t\t\t\t<\/div>","protected":false},"excerpt":{"rendered":"<p>Program Areas Climate Change Learn More Energy Efficiency Learn More Solar Learn More Bioenergy Learn More Hydro Learn More Geothermal Learn More Wind Learn More System Components Learn More The source for small-scale, renewable energy projects in New Brunswick, Canada. We hope to remove knowledge barriers for those entering the world of renewable energy and inspire New Brunswickers to be as passionate about these technologies as we are. Site Links Home About Incentives Contact Case Studies Program Areas Resources Other Links<\/p>","protected":false},"author":2,"featured_media":0,"parent":0,"menu_order":0,"comment_status":"closed","ping_status":"closed","template":"","meta":{"_acf_changed":false,"footnotes":""},"class_list":["post-1152","page","type-page","status-publish","hentry"],"acf":[],"_links":{"self":[{"href":"https:\/\/renewablesnb.ca\/fr\/wp-json\/wp\/v2\/pages\/1152","targetHints":{"allow":["GET"]}}],"collection":[{"href":"https:\/\/renewablesnb.ca\/fr\/wp-json\/wp\/v2\/pages"}],"about":[{"href":"https:\/\/renewablesnb.ca\/fr\/wp-json\/wp\/v2\/types\/page"}],"author":[{"embeddable":true,"href":"https:\/\/renewablesnb.ca\/fr\/wp-json\/wp\/v2\/users\/2"}],"replies":[{"embeddable":true,"href":"https:\/\/renewablesnb.ca\/fr\/wp-json\/wp\/v2\/comments?post=1152"}],"version-history":[{"count":43,"href":"https:\/\/renewablesnb.ca\/fr\/wp-json\/wp\/v2\/pages\/1152\/revisions"}],"predecessor-version":[{"id":7374,"href":"https:\/\/renewablesnb.ca\/fr\/wp-json\/wp\/v2\/pages\/1152\/revisions\/7374"}],"wp:attachment":[{"href":"https:\/\/renewablesnb.ca\/fr\/wp-json\/wp\/v2\/media?parent=1152"}],"curies":[{"name":"wp","href":"https:\/\/api.w.org\/{rel}","templated":true}]}}