{"id":1322,"date":"2024-05-28T22:03:52","date_gmt":"2024-05-28T22:03:52","guid":{"rendered":"http:\/\/178.128.235.10\/?page_id=1322"},"modified":"2025-09-10T20:35:13","modified_gmt":"2025-09-10T20:35:13","slug":"incentives","status":"publish","type":"page","link":"https:\/\/renewablesnb.ca\/fr\/incentives\/","title":{"rendered":"Incitatifs"},"content":{"rendered":"<div data-elementor-type=\"wp-page\" data-elementor-id=\"1322\" class=\"elementor elementor-1322\">\n\t\t\t\t<div class=\"elementor-element elementor-element-be4fbfd e-con-full fullWidthHero e-flex e-con e-parent\" data-id=\"be4fbfd\" data-element_type=\"container\" data-e-type=\"container\" data-settings=\"{&quot;background_background&quot;:&quot;classic&quot;}\">\n\t\t<div class=\"elementor-element elementor-element-b18f8af e-con-full e-flex e-con e-child\" data-id=\"b18f8af\" data-element_type=\"container\" data-e-type=\"container\" data-settings=\"{&quot;background_background&quot;:&quot;classic&quot;}\">\n\t\t\t\t<div class=\"elementor-element elementor-element-9f56072 subHeroText elementor-widget elementor-widget-heading\" data-id=\"9f56072\" data-element_type=\"widget\" data-e-type=\"widget\" data-widget_type=\"heading.default\">\n\t\t\t\t<div class=\"elementor-widget-container\">\n\t\t\t\t\t<h2 class=\"elementor-heading-title elementor-size-default\">Incitatifs<\/h2>\t\t\t\t<\/div>\n\t\t\t\t<\/div>\n\t\t\t\t<div class=\"elementor-element elementor-element-d74d77f smallHeroText elementor-widget elementor-widget-heading\" data-id=\"d74d77f\" data-element_type=\"widget\" data-e-type=\"widget\" data-widget_type=\"heading.default\">\n\t\t\t\t<div class=\"elementor-widget-container\">\n\t\t\t\t\t<h2 class=\"elementor-heading-title elementor-size-default\">Incitations et remises pour l'\u00e9nergie propre au Canada<\/h2>\t\t\t\t<\/div>\n\t\t\t\t<\/div>\n\t\t\t\t<div class=\"elementor-element elementor-element-5ba7582 scrollingDownIcon elementor-widget elementor-widget-text-editor\" data-id=\"5ba7582\" data-element_type=\"widget\" data-e-type=\"widget\" data-widget_type=\"text-editor.default\">\n\t\t\t\t<div class=\"elementor-widget-container\">\n\t\t\t\t\t\t\t\t\t<a href=\"#incentivesScroll\"><img decoding=\"async\" class=\"scrollDown\" src=\"\/wp-content\/uploads\/2024\/05\/Scroll-Down.png\" \/><\/a>\t\t\t\t\t\t\t\t<\/div>\n\t\t\t\t<\/div>\n\t\t\t\t<\/div>\n\t\t\t\t<\/div>\n\t\t<div class=\"elementor-element elementor-element-37f892a e-flex e-con-boxed e-con e-parent\" data-id=\"37f892a\" data-element_type=\"container\" data-e-type=\"container\" id=\"incentivesScroll\">\n\t\t\t\t\t<div class=\"e-con-inner\">\n\t\t\t\t<div class=\"elementor-element elementor-element-11dda55 elementor-widget elementor-widget-text-editor\" data-id=\"11dda55\" data-element_type=\"widget\" data-e-type=\"widget\" data-widget_type=\"text-editor.default\">\n\t\t\t\t<div class=\"elementor-widget-container\">\n\t\t\t\t\t\t\t\t\t<div class=\"textCenter\">\n<div class=\"lineDash center\"><\/div>\n<h5 class=\"taglinetop\">Incitations et remises pour l'\u00e9nergie propre au Canada<\/h5>\n<h2 class=\"textBlockTitle\">Remises sur l'\u00e9nergie durable<\/h2>\n<\/div>\t\t\t\t\t\t\t\t<\/div>\n\t\t\t\t<\/div>\n\t\t\t\t\t<\/div>\n\t\t\t\t<\/div>\n\t\t<div class=\"elementor-element elementor-element-35b75f8 e-grid e-con-boxed e-con e-parent\" data-id=\"35b75f8\" data-element_type=\"container\" data-e-type=\"container\">\n\t\t\t\t\t<div class=\"e-con-inner\">\n\t\t\t\t<div class=\"elementor-element elementor-element-d0c62d9 elementor-widget elementor-widget-html\" data-id=\"d0c62d9\" data-element_type=\"widget\" data-e-type=\"widget\" data-widget_type=\"html.default\">\n\t\t\t\t<div class=\"elementor-widget-container\">\n\t\t\t\t\t<a class=\"incentives blue ocs-toggle-residential-canadas-greener-home-grant\" href=\"#\"><span class=\"incentiveType\">R\u00e9sidentiel<\/span>Subvention canadienne pour les maisons plus vertes<\/a>\t\t\t\t<\/div>\n\t\t\t\t<\/div>\n\t\t\t\t<div class=\"elementor-element elementor-element-f70c442 elementor-widget elementor-widget-html\" data-id=\"f70c442\" data-element_type=\"widget\" data-e-type=\"widget\" data-widget_type=\"html.default\">\n\t\t\t\t<div class=\"elementor-widget-container\">\n\t\t\t\t\t<a class=\"incentives blue ocs-toggle-residential-nb-power-total-home-energy-savings-program\" href=\"#\"><span class=\"incentiveType\">R\u00e9sidentiel<\/span>Programme \u00e9co\u00e9nerg\u00e9tique pour les maisons d\u2019\u00c9nergie NB<\/a>\t\t\t\t<\/div>\n\t\t\t\t<\/div>\n\t\t\t\t<div class=\"elementor-element elementor-element-37e5ef3 elementor-widget elementor-widget-html\" data-id=\"37e5ef3\" data-element_type=\"widget\" data-e-type=\"widget\" data-widget_type=\"html.default\">\n\t\t\t\t<div class=\"elementor-widget-container\">\n\t\t\t\t\t<a class=\"incentives blue ocs-toggle-residential-nb-power-low-income-energy-savings-program\" href=\"#\"><span class=\"incentiveType\">R\u00e9sidentiel<\/span>Programme \u00e9co\u00e9nerg\u00e9tique pour les propri\u00e9taires \u00e0 faible revenu d\u2019\u00c9nergie NB<\/a>\t\t\t\t<\/div>\n\t\t\t\t<\/div>\n\t\t\t\t\t<\/div>\n\t\t\t\t<\/div>\n\t\t<div class=\"elementor-element elementor-element-f01953f e-grid e-con-boxed e-con e-parent\" data-id=\"f01953f\" data-element_type=\"container\" data-e-type=\"container\">\n\t\t\t\t\t<div class=\"e-con-inner\">\n\t\t\t\t<div class=\"elementor-element elementor-element-1d6afba elementor-widget elementor-widget-html\" data-id=\"1d6afba\" data-element_type=\"widget\" data-e-type=\"widget\" data-widget_type=\"html.default\">\n\t\t\t\t<div class=\"elementor-widget-container\">\n\t\t\t\t\t<a class=\"incentives blue ocs-toggle-residential-nb-power-new-home-energy-savings-program\" href=\"#\"><span class=\"incentiveType\">R\u00e9sidentiel<\/span>Programme \u00e9co\u00e9nerg\u00e9tique pour les nouvelles maisons d\u2019\u00c9nergie NB<\/a>\t\t\t\t<\/div>\n\t\t\t\t<\/div>\n\t\t\t\t<div class=\"elementor-element elementor-element-f93b0c2 elementor-widget elementor-widget-html\" data-id=\"f93b0c2\" data-element_type=\"widget\" data-e-type=\"widget\" data-widget_type=\"html.default\">\n\t\t\t\t<div class=\"elementor-widget-container\">\n\t\t\t\t\t<a class=\"incentives blue ocs-toggle-residential-saint-john-energy-home-energy-assessment\" href=\"#\"><span class=\"incentiveType\">R\u00e9sidentiel<\/span>Conseils \u00e9nerg\u00e9tiques de Saint John Energy \u2013 En anglais seulement<\/a>\t\t\t\t<\/div>\n\t\t\t\t<\/div>\n\t\t\t\t<div class=\"elementor-element elementor-element-71d4572 elementor-widget elementor-widget-html\" data-id=\"71d4572\" data-element_type=\"widget\" data-e-type=\"widget\" data-widget_type=\"html.default\">\n\t\t\t\t<div class=\"elementor-widget-container\">\n\t\t\t\t\t<a class=\"incentives blue ocs-toggle-residential-nb-power-net-metering-program\" href=\"#\"><span class=\"incentiveType\">R\u00e9sidentiel<\/span>Programme de Mesurage net d\u2019\u00c9nergie NB<\/a>\t\t\t\t<\/div>\n\t\t\t\t<\/div>\n\t\t\t\t\t<\/div>\n\t\t\t\t<\/div>\n\t\t<div class=\"elementor-element elementor-element-7eddd5f e-flex e-con-boxed e-con e-parent\" data-id=\"7eddd5f\" data-element_type=\"container\" data-e-type=\"container\">\n\t\t\t\t\t<div class=\"e-con-inner\">\n\t\t\t\t<div class=\"elementor-element elementor-element-7ec0a48 elementor-widget-divider--view-line elementor-widget elementor-widget-divider\" data-id=\"7ec0a48\" data-element_type=\"widget\" data-e-type=\"widget\" data-widget_type=\"divider.default\">\n\t\t\t\t<div class=\"elementor-widget-container\">\n\t\t\t\t\t\t\t<div class=\"elementor-divider\">\n\t\t\t<span class=\"elementor-divider-separator\">\n\t\t\t\t\t\t<\/span>\n\t\t<\/div>\n\t\t\t\t\t\t<\/div>\n\t\t\t\t<\/div>\n\t\t\t\t\t<\/div>\n\t\t\t\t<\/div>\n\t\t<div class=\"elementor-element elementor-element-dda4562 e-grid e-con-boxed e-con e-parent\" data-id=\"dda4562\" data-element_type=\"container\" data-e-type=\"container\">\n\t\t\t\t\t<div class=\"e-con-inner\">\n\t\t\t\t<div class=\"elementor-element elementor-element-32cb3eb elementor-widget elementor-widget-html\" data-id=\"32cb3eb\" data-element_type=\"widget\" data-e-type=\"widget\" data-widget_type=\"html.default\">\n\t\t\t\t<div class=\"elementor-widget-container\">\n\t\t\t\t\t<a class=\"incentives green ocs-toggle-commercial-nb-power-net-metering-program\" href=\"#\"><span class=\"incentiveType\">Commercial<\/span>Programme de Mesurage net d\u2019\u00c9nergie NB<\/a>\t\t\t\t<\/div>\n\t\t\t\t<\/div>\n\t\t\t\t<div class=\"elementor-element elementor-element-10e93e3 elementor-widget elementor-widget-html\" data-id=\"10e93e3\" data-element_type=\"widget\" data-e-type=\"widget\" data-widget_type=\"html.default\">\n\t\t\t\t<div class=\"elementor-widget-container\">\n\t\t\t\t\t<a class=\"incentives green ocs-toggle-commercial-nb-power-commercial-buildings-retrofit-program\" href=\"#\"><span class=\"incentiveType\">Commercial<\/span>Programme d\u2019am\u00e9lioration \u00e9nerg\u00e9tique des immeubles commerciaux d\u2019\u00c9nergie NB<\/a>\t\t\t\t<\/div>\n\t\t\t\t<\/div>\n\t\t\t\t<div class=\"elementor-element elementor-element-1b0717d elementor-widget elementor-widget-html\" data-id=\"1b0717d\" data-element_type=\"widget\" data-e-type=\"widget\" data-widget_type=\"html.default\">\n\t\t\t\t<div class=\"elementor-widget-container\">\n\t\t\t\t\t<a class=\"incentives green ocs-toggle-commercial-nb-power-embedded-generation-program\" href=\"#\"><span class=\"incentiveType\">Commercial<\/span>Programme de production int\u00e9gr\u00e9e<\/a>\t\t\t\t<\/div>\n\t\t\t\t<\/div>\n\t\t\t\t\t<\/div>\n\t\t\t\t<\/div>\n\t\t<div class=\"elementor-element elementor-element-e21baee e-flex e-con-boxed e-con e-parent\" data-id=\"e21baee\" data-element_type=\"container\" data-e-type=\"container\">\n\t\t\t\t\t<div class=\"e-con-inner\">\n\t\t\t\t<div class=\"elementor-element elementor-element-e765744 elementor-widget-divider--view-line elementor-widget elementor-widget-divider\" data-id=\"e765744\" data-element_type=\"widget\" data-e-type=\"widget\" data-widget_type=\"divider.default\">\n\t\t\t\t<div class=\"elementor-widget-container\">\n\t\t\t\t\t\t\t<div class=\"elementor-divider\">\n\t\t\t<span class=\"elementor-divider-separator\">\n\t\t\t\t\t\t<\/span>\n\t\t<\/div>\n\t\t\t\t\t\t<\/div>\n\t\t\t\t<\/div>\n\t\t\t\t\t<\/div>\n\t\t\t\t<\/div>\n\t\t<div class=\"elementor-element elementor-element-d8d6ce4 e-grid e-con-boxed e-con e-parent\" data-id=\"d8d6ce4\" data-element_type=\"container\" data-e-type=\"container\">\n\t\t\t\t\t<div class=\"e-con-inner\">\n\t\t\t\t<div class=\"elementor-element elementor-element-4150db0 elementor-widget elementor-widget-html\" data-id=\"4150db0\" data-element_type=\"widget\" data-e-type=\"widget\" data-widget_type=\"html.default\">\n\t\t\t\t<div class=\"elementor-widget-container\">\n\t\t\t\t\t<a class=\"incentives yellow ocs-toggle-industrial-nb-power-net-metering-program\" href=\"#\"><span class=\"incentiveType\">Industrial<\/span>Programme de Mesurage net d\u2019\u00c9nergie NB<\/a>\t\t\t\t<\/div>\n\t\t\t\t<\/div>\n\t\t\t\t<div class=\"elementor-element elementor-element-53f6d59 elementor-widget elementor-widget-html\" data-id=\"53f6d59\" data-element_type=\"widget\" data-e-type=\"widget\" data-widget_type=\"html.default\">\n\t\t\t\t<div class=\"elementor-widget-container\">\n\t\t\t\t\t<a class=\"incentives yellow ocs-toggle-industrial-nb-power-embedded-generation-program\" href=\"#\"><span class=\"incentiveType\">Industrial<\/span>Programme de production int\u00e9gr\u00e9e<\/a>\t\t\t\t<\/div>\n\t\t\t\t<\/div>\n\t\t\t\t<div class=\"elementor-element elementor-element-3197de4 elementor-widget elementor-widget-html\" data-id=\"3197de4\" data-element_type=\"widget\" data-e-type=\"widget\" data-widget_type=\"html.default\">\n\t\t\t\t<div class=\"elementor-widget-container\">\n\t\t\t\t\t<a class=\"incentives yellow ocs-toggle-industrial-nb-power-industry-incentives\" href=\"#\"><span class=\"incentiveType\">Industrial<\/span>Programme d\u2019efficacit\u00e9 \u00e9nerg\u00e9tique industrielle d\u2019\u00c9nergie NB<\/a>\t\t\t\t<\/div>\n\t\t\t\t<\/div>\n\t\t\t\t\t<\/div>\n\t\t\t\t<\/div>\n\t\t<div class=\"elementor-element elementor-element-12169fa e-grid e-con-boxed e-con e-parent\" data-id=\"12169fa\" data-element_type=\"container\" data-e-type=\"container\">\n\t\t\t\t\t<div class=\"e-con-inner\">\n\t\t\t\t<div class=\"elementor-element elementor-element-e69f080 elementor-widget elementor-widget-html\" data-id=\"e69f080\" data-element_type=\"widget\" data-e-type=\"widget\" data-widget_type=\"html.default\">\n\t\t\t\t<div class=\"elementor-widget-container\">\n\t\t\t\t\t<a class=\"incentives yellow ocs-toggle-industrial-government-of-canada-tax-savings-for-industry\" href=\"#\"><span class=\"incentiveType\">Industrial<\/span>\u00c9conomies d\u2019imp\u00f4ts pour l\u2019industrie\u2013 Gouvernement du Canada<\/a>\t\t\t\t<\/div>\n\t\t\t\t<\/div>\n\t\t\t\t<div class=\"elementor-element elementor-element-2b16ffb elementor-widget elementor-widget-html\" data-id=\"2b16ffb\" data-element_type=\"widget\" data-e-type=\"widget\" data-widget_type=\"html.default\">\n\t\t\t\t<div class=\"elementor-widget-container\">\n\t\t\t\t\t<a class=\"incentives yellow ocs-toggle-industrial-industrial-government-of-canada-tax-savings-for-industry\" href=\"#\"><span class=\"incentiveType\">Industrial<\/span>\u00c9conomies d\u2019imp\u00f4ts pour l\u2019industrie\u2013 Gouvernement du Canada<\/a>\t\t\t\t<\/div>\n\t\t\t\t<\/div>\n\t\t\t\t\t<\/div>\n\t\t\t\t<\/div>\n\t\t<div class=\"elementor-element elementor-element-06688c1 e-flex e-con-boxed e-con e-parent\" data-id=\"06688c1\" data-element_type=\"container\" data-e-type=\"container\">\n\t\t\t\t\t<div class=\"e-con-inner\">\n\t\t\t\t<div class=\"elementor-element elementor-element-7268b39 elementor-widget-divider--view-line elementor-widget elementor-widget-divider\" data-id=\"7268b39\" data-element_type=\"widget\" data-e-type=\"widget\" data-widget_type=\"divider.default\">\n\t\t\t\t<div class=\"elementor-widget-container\">\n\t\t\t\t\t\t\t<div class=\"elementor-divider\">\n\t\t\t<span class=\"elementor-divider-separator\">\n\t\t\t\t\t\t<\/span>\n\t\t<\/div>\n\t\t\t\t\t\t<\/div>\n\t\t\t\t<\/div>\n\t\t\t\t\t<\/div>\n\t\t\t\t<\/div>\n\t\t<div class=\"elementor-element elementor-element-41d896a e-grid e-con-boxed e-con e-parent\" data-id=\"41d896a\" data-element_type=\"container\" data-e-type=\"container\">\n\t\t\t\t\t<div class=\"e-con-inner\">\n\t\t\t\t<div class=\"elementor-element elementor-element-1a1ce0c elementor-widget elementor-widget-html\" data-id=\"1a1ce0c\" data-element_type=\"widget\" data-e-type=\"widget\" data-widget_type=\"html.default\">\n\t\t\t\t<div class=\"elementor-widget-container\">\n\t\t\t\t\t<a class=\"incentives lightblue ocs-toggle-community-new-brunswick-environmental-trust-fund\" href=\"#\"><span class=\"incentiveType\">Communaut\u00e9<\/span>Fonds en fiducie pour l\u2019Environnement du Nouveau-Brunswick<\/a>\t\t\t\t<\/div>\n\t\t\t\t<\/div>\n\t\t\t\t\t<\/div>\n\t\t\t\t<\/div>\n\t\t<div class=\"elementor-element elementor-element-c853cd4 e-grid e-con-boxed e-con e-parent\" data-id=\"c853cd4\" data-element_type=\"container\" data-e-type=\"container\" id=\"bottomCtaArea\" data-settings=\"{&quot;background_background&quot;:&quot;classic&quot;}\">\n\t\t\t\t\t<div class=\"e-con-inner\">\n\t\t\t\t<div class=\"elementor-element elementor-element-aa1a084 ctah2Title elementor-widget elementor-widget-heading\" data-id=\"aa1a084\" data-element_type=\"widget\" data-e-type=\"widget\" data-widget_type=\"heading.default\">\n\t\t\t\t<div class=\"elementor-widget-container\">\n\t\t\t\t\t<h2 class=\"elementor-heading-title elementor-size-default\">\u00c9tudes de cas<\/h2>\t\t\t\t<\/div>\n\t\t\t\t<\/div>\n\t\t\t\t<div class=\"elementor-element elementor-element-a7c72b8 ctasubTitle elementor-widget elementor-widget-heading\" data-id=\"a7c72b8\" data-element_type=\"widget\" data-e-type=\"widget\" data-widget_type=\"heading.default\">\n\t\t\t\t<div class=\"elementor-widget-container\">\n\t\t\t\t\t<h2 class=\"elementor-heading-title elementor-size-default\">Successful case studies for energy efficiency solutions.<\/h2>\t\t\t\t<\/div>\n\t\t\t\t<\/div>\n\t\t\t\t<div class=\"elementor-element elementor-element-9a2faf2 elementor-widget elementor-widget-text-editor\" data-id=\"9a2faf2\" data-element_type=\"widget\" data-e-type=\"widget\" data-widget_type=\"text-editor.default\">\n\t\t\t\t<div class=\"elementor-widget-container\">\n\t\t\t\t\t\t\t\t\t<a class=\"standardBtn\" href=\"\/fr\/case-studies\/\">\u00c9tudes de cas<img decoding=\"async\" src=\"\/wp-content\/uploads\/2024\/05\/arrow-btn-right.png\" \/><\/a>\t\t\t\t\t\t\t\t<\/div>\n\t\t\t\t<\/div>\n\t\t\t\t\t<\/div>\n\t\t\t\t<\/div>\n\t\t<div class=\"elementor-element elementor-element-fb27445 e-grid e-con-full e-con e-parent\" data-id=\"fb27445\" data-element_type=\"container\" data-e-type=\"container\" data-settings=\"{&quot;background_background&quot;:&quot;classic&quot;}\">\n\t\t<div class=\"elementor-element elementor-element-a85960d e-con-full footerPadding firstFooter e-flex e-con e-child\" data-id=\"a85960d\" data-element_type=\"container\" data-e-type=\"container\">\n\t\t\t\t<div class=\"elementor-element elementor-element-a71a99e elementor-widget elementor-widget-image\" data-id=\"a71a99e\" data-element_type=\"widget\" data-e-type=\"widget\" data-widget_type=\"image.default\">\n\t\t\t\t<div class=\"elementor-widget-container\">\n\t\t\t\t\t\t\t\t\t\t\t\t\t\t\t<img decoding=\"async\" width=\"406\" height=\"104\" src=\"https:\/\/renewablesnb.ca\/wp-content\/uploads\/2025\/05\/RNB-Logo-Fr-White.png\" class=\"attachment-full size-full wp-image-546\" alt=\"\" srcset=\"https:\/\/renewablesnb.ca\/wp-content\/uploads\/2025\/05\/RNB-Logo-Fr-White.png 1934w, https:\/\/renewablesnb.ca\/wp-content\/uploads\/2025\/05\/RNB-Logo-Fr-White-300x68.png 300w, https:\/\/renewablesnb.ca\/wp-content\/uploads\/2025\/05\/RNB-Logo-Fr-White-1024x233.png 1024w, https:\/\/renewablesnb.ca\/wp-content\/uploads\/2025\/05\/RNB-Logo-Fr-White-768x175.png 768w, https:\/\/renewablesnb.ca\/wp-content\/uploads\/2025\/05\/RNB-Logo-Fr-White-1536x349.png 1536w, https:\/\/renewablesnb.ca\/wp-content\/uploads\/2025\/05\/RNB-Logo-Fr-White-18x4.png 18w\" sizes=\"(max-width: 406px) 100vw, 406px\" \/>\t\t\t\t\t\t\t\t\t\t\t\t\t\t\t<\/div>\n\t\t\t\t<\/div>\n\t\t\t\t<div class=\"elementor-element elementor-element-d36b55b footerText elementor-widget elementor-widget-heading\" data-id=\"d36b55b\" data-element_type=\"widget\" data-e-type=\"widget\" data-widget_type=\"heading.default\">\n\t\t\t\t<div class=\"elementor-widget-container\">\n\t\t\t\t\t<h2 class=\"elementor-heading-title elementor-size-default\">Source d\u2019information sur la production d\u2019\u00e9nergie renouvelable \u00e0 petite \u00e9chelle, au Nouveau-Brunswick\n<br><br>\nNous esp\u00e9rons lever les obstacles \u00e0 la connaissance pour ceux qui entrent dans le monde de l'\u00e9nergie renouvelable et inspirer les N\u00e9o-Brunswickois \u00e0 \u00eatre aussi passionn\u00e9s par ces technologies que nous le sommes.<\/h2>\t\t\t\t<\/div>\n\t\t\t\t<\/div>\n\t\t\t\t<\/div>\n\t\t<div class=\"elementor-element elementor-element-6a4a743 e-con-full footerPadding secondFooter e-flex e-con e-child\" data-id=\"6a4a743\" data-element_type=\"container\" data-e-type=\"container\">\n\t\t\t\t<div class=\"elementor-element elementor-element-0fd2d96 elementor-widget elementor-widget-heading\" data-id=\"0fd2d96\" data-element_type=\"widget\" data-e-type=\"widget\" data-widget_type=\"heading.default\">\n\t\t\t\t<div class=\"elementor-widget-container\">\n\t\t\t\t\t<h2 class=\"elementor-heading-title elementor-size-default\">Liens du site<\/h2>\t\t\t\t<\/div>\n\t\t\t\t<\/div>\n\t\t\t\t<div class=\"elementor-element elementor-element-8e9ad95 elementor-widget elementor-widget-html\" data-id=\"8e9ad95\" data-element_type=\"widget\" data-e-type=\"widget\" data-widget_type=\"html.default\">\n\t\t\t\t<div class=\"elementor-widget-container\">\n\t\t\t\t\t<div class=\"halfOne\">\n<a href=\"\/fr\/home\/\">Accueil<\/a>\n<a href=\"\/fr\/about\/\">\u00c0 propos de<\/a>\n<a href=\"\/fr\/incentives\/\">Incitatifs<\/a>\n<a href=\"\/fr\/contact\/\">Contactez-nous<\/a>\n<\/div><div class=\"halfOne\">\n<a href=\"\/fr\/case-studies\/\">\u00c9tudes de cas<\/a>\n<a href=\"\/fr\/program-areas\/\">Domaines de programme<\/a>\n<a href=\"\/fr\/resources\/\">Les ressources<\/a>\n<\/div>\t\t\t\t<\/div>\n\t\t\t\t<\/div>\n\t\t\t\t<\/div>\n\t\t<div class=\"elementor-element elementor-element-0a7cd99 e-con-full footerPadding lastFooter e-flex e-con e-child\" data-id=\"0a7cd99\" data-element_type=\"container\" data-e-type=\"container\">\n\t\t\t\t<div class=\"elementor-element elementor-element-9068442 elementor-widget elementor-widget-heading\" data-id=\"9068442\" data-element_type=\"widget\" data-e-type=\"widget\" data-widget_type=\"heading.default\">\n\t\t\t\t<div class=\"elementor-widget-container\">\n\t\t\t\t\t<h2 class=\"elementor-heading-title elementor-size-default\">Autres liens<\/h2>\t\t\t\t<\/div>\n\t\t\t\t<\/div>\n\t\t\t\t<div class=\"elementor-element elementor-element-90bf561 elementor-widget elementor-widget-html\" data-id=\"90bf561\" data-element_type=\"widget\" data-e-type=\"widget\" data-widget_type=\"html.default\">\n\t\t\t\t<div class=\"elementor-widget-container\">\n\t\t\t\t\t<div class=\"socialFooter\">\n    <a href=\"https:\/\/www.facebook.com\/eosecoenergyinc\/\"><img decoding=\"async\" src=\"\/wp-content\/uploads\/2024\/05\/facebook-1.png\" \/><\/a>    <a href=\"https:\/\/www.instagram.com\/eosecoenergy\/?hl=en\"><img decoding=\"async\" src=\"\/wp-content\/uploads\/2024\/05\/instagram-1.png\" \/><\/a>\n    <a href=\"https:\/\/www.youtube.com\/channel\/UC4UJaDRkpCUme9miBDFME_g\"><img decoding=\"async\" src=\"\/wp-content\/uploads\/2024\/05\/youtube-1.png\" \/><\/a><a href=\"https:\/\/www.linkedin.com\/company\/eos-eco-energy\/\"><img decoding=\"async\" src=\"\/wp-content\/uploads\/2024\/05\/linkedin-1.png\" \/><\/a>  \n<\/div>\t\t\t\t<\/div>\n\t\t\t\t<\/div>\n\t\t\t\t<div class=\"elementor-element elementor-element-296c245 borderTop elementor-widget elementor-widget-image\" data-id=\"296c245\" data-element_type=\"widget\" data-e-type=\"widget\" data-widget_type=\"image.default\">\n\t\t\t\t<div class=\"elementor-widget-container\">\n\t\t\t\t\t\t\t\t\t\t\t\t\t\t\t<img fetchpriority=\"high\" decoding=\"async\" width=\"640\" height=\"313\" src=\"https:\/\/renewablesnb.ca\/wp-content\/uploads\/2024\/05\/nb-canada-logo-1024x500.png\" class=\"attachment-large size-large wp-image-636\" alt=\"\" srcset=\"https:\/\/renewablesnb.ca\/wp-content\/uploads\/2024\/05\/nb-canada-logo-1024x500.png 1024w, https:\/\/renewablesnb.ca\/wp-content\/uploads\/2024\/05\/nb-canada-logo-300x147.png 300w, https:\/\/renewablesnb.ca\/wp-content\/uploads\/2024\/05\/nb-canada-logo-768x375.png 768w, https:\/\/renewablesnb.ca\/wp-content\/uploads\/2024\/05\/nb-canada-logo-1536x751.png 1536w, https:\/\/renewablesnb.ca\/wp-content\/uploads\/2024\/05\/nb-canada-logo-2048x1001.png 2048w\" sizes=\"(max-width: 640px) 100vw, 640px\" \/>\t\t\t\t\t\t\t\t\t\t\t\t\t\t\t<\/div>\n\t\t\t\t<\/div>\n\t\t\t\t<\/div>\n\t\t\t\t<\/div>\n\t\t\t\t<\/div>","protected":false},"excerpt":{"rendered":"<p>Incentives Clean Energy Incentives &amp; Rebates Canada Clean Energy Incentives &amp; Rebates Canada Sustainable Energy Rebates ResidentialCanada\u2019s Greener Homes Grant ResidentialNB Power Total Home Energy Savings Program ResidentialNB Power Low Income Energy Savings Program ResidentialNB Power New Home Energy Savings Program ResidentialSaint John Energy Home Energy Assessment ResidentialNB Power Net Metering Program CommercialNB Power Net Metering Program CommercialNB Power Commercial Buildings Retrofit Program CommercialNB Power Embedded Generation Program IndustrialNB Power Net Metering Program IndustrialNB Power Embedded Generation Program IndustrialNB Power Industry Incentives IndustrialGovernment of Canada Tax Savings for Industry IndustrialIndustrial Government of Canada Tax Savings for Industry CommunityNew Brunswick Environmental Trust Fund Case Studies Successful case studies for energy efficiency solutions. Case Studies The source for small-scale, renewable energy projects in New Brunswick, Canada. We hope to remove knowledge barriers for those entering the world of renewable energy and inspire New Brunswickers to be as passionate about these technologies as we are. Site Links Home About Incentives Contact Case Studies Program Areas Resources Other Links<\/p>","protected":false},"author":2,"featured_media":0,"parent":0,"menu_order":0,"comment_status":"closed","ping_status":"closed","template":"","meta":{"_acf_changed":false,"footnotes":""},"class_list":["post-1322","page","type-page","status-publish","hentry"],"acf":[],"_links":{"self":[{"href":"https:\/\/renewablesnb.ca\/fr\/wp-json\/wp\/v2\/pages\/1322","targetHints":{"allow":["GET"]}}],"collection":[{"href":"https:\/\/renewablesnb.ca\/fr\/wp-json\/wp\/v2\/pages"}],"about":[{"href":"https:\/\/renewablesnb.ca\/fr\/wp-json\/wp\/v2\/types\/page"}],"author":[{"embeddable":true,"href":"https:\/\/renewablesnb.ca\/fr\/wp-json\/wp\/v2\/users\/2"}],"replies":[{"embeddable":true,"href":"https:\/\/renewablesnb.ca\/fr\/wp-json\/wp\/v2\/comments?post=1322"}],"version-history":[{"count":175,"href":"https:\/\/renewablesnb.ca\/fr\/wp-json\/wp\/v2\/pages\/1322\/revisions"}],"predecessor-version":[{"id":7371,"href":"https:\/\/renewablesnb.ca\/fr\/wp-json\/wp\/v2\/pages\/1322\/revisions\/7371"}],"wp:attachment":[{"href":"https:\/\/renewablesnb.ca\/fr\/wp-json\/wp\/v2\/media?parent=1322"}],"curies":[{"name":"wp","href":"https:\/\/api.w.org\/{rel}","templated":true}]}}