{"id":1753,"date":"2024-05-31T17:14:07","date_gmt":"2024-05-31T17:14:07","guid":{"rendered":"http:\/\/178.128.235.10\/?page_id=1753"},"modified":"2025-09-10T20:37:04","modified_gmt":"2025-09-10T20:37:04","slug":"resources","status":"publish","type":"page","link":"https:\/\/renewablesnb.ca\/fr\/resources\/","title":{"rendered":"Les ressources"},"content":{"rendered":"<div data-elementor-type=\"wp-page\" data-elementor-id=\"1753\" class=\"elementor elementor-1753\">\n\t\t\t\t<div class=\"elementor-element elementor-element-448791e e-con-full fullWidthHero e-flex e-con e-parent\" data-id=\"448791e\" data-element_type=\"container\" data-e-type=\"container\" data-settings=\"{&quot;background_background&quot;:&quot;classic&quot;}\">\n\t\t<div class=\"elementor-element elementor-element-9ee8fee e-con-full e-flex e-con e-child\" data-id=\"9ee8fee\" data-element_type=\"container\" data-e-type=\"container\" data-settings=\"{&quot;background_background&quot;:&quot;classic&quot;}\">\n\t\t\t\t<div class=\"elementor-element elementor-element-a7c460f subHeroText elementor-widget elementor-widget-heading\" data-id=\"a7c460f\" data-element_type=\"widget\" data-e-type=\"widget\" data-widget_type=\"heading.default\">\n\t\t\t\t<div class=\"elementor-widget-container\">\n\t\t\t\t\t<h2 class=\"elementor-heading-title elementor-size-default\">Les ressources<\/h2>\t\t\t\t<\/div>\n\t\t\t\t<\/div>\n\t\t\t\t<div class=\"elementor-element elementor-element-0b794a6 smallHeroText elementor-widget elementor-widget-heading\" data-id=\"0b794a6\" data-element_type=\"widget\" data-e-type=\"widget\" data-widget_type=\"heading.default\">\n\t\t\t\t<div class=\"elementor-widget-container\">\n\t\t\t\t\t<h2 class=\"elementor-heading-title elementor-size-default\">List of useful businesses and resources.<\/h2>\t\t\t\t<\/div>\n\t\t\t\t<\/div>\n\t\t\t\t<div class=\"elementor-element elementor-element-0b07cf4 scrollingDownIcon elementor-widget elementor-widget-text-editor\" data-id=\"0b07cf4\" data-element_type=\"widget\" data-e-type=\"widget\" data-widget_type=\"text-editor.default\">\n\t\t\t\t<div class=\"elementor-widget-container\">\n\t\t\t\t\t\t\t\t\t<a href=\"#resourceScroll\"><img decoding=\"async\" class=\"scrollDown\" src=\"\/wp-content\/uploads\/2024\/05\/Scroll-Down.png\" \/><\/a>\t\t\t\t\t\t\t\t<\/div>\n\t\t\t\t<\/div>\n\t\t\t\t<\/div>\n\t\t\t\t<\/div>\n\t\t<div class=\"elementor-element elementor-element-2828406 e-flex e-con-boxed e-con e-parent\" data-id=\"2828406\" data-element_type=\"container\" data-e-type=\"container\" id=\"resourceScroll\">\n\t\t\t\t\t<div class=\"e-con-inner\">\n\t\t\t\t<div class=\"elementor-element elementor-element-d20b020 elementor-widget elementor-widget-text-editor\" data-id=\"d20b020\" data-element_type=\"widget\" data-e-type=\"widget\" data-widget_type=\"text-editor.default\">\n\t\t\t\t<div class=\"elementor-widget-container\">\n\t\t\t\t\t\t\t\t\t<div class=\"textCenter\">\n<div class=\"lineDash center\"><\/div>\n<h5 class=\"taglinetop\">List of useful businesses and resources.<\/h5>\n<h2 class=\"textBlockTitle\">Business &amp; Resource Directory<\/h2>\n<p class=\"regularText\">Do you know a New Brunswick business or organization that is not on our list? Let us know!<\/p>\n<p class=\"regularText\"><b>*Note: The companies listed here have not been vetted by Renewables NB (RNB).<\/b><\/p>\n<\/div>\t\t\t\t\t\t\t\t<\/div>\n\t\t\t\t<\/div>\n\t\t\t\t\t<\/div>\n\t\t\t\t<\/div>\n\t\t<div class=\"elementor-element elementor-element-57955ba e-flex e-con-boxed e-con e-parent\" data-id=\"57955ba\" data-element_type=\"container\" data-e-type=\"container\">\n\t\t\t\t\t<div class=\"e-con-inner\">\n\t\t<div class=\"elementor-element elementor-element-ea42fcd e-con-full e-flex e-con e-child\" data-id=\"ea42fcd\" data-element_type=\"container\" data-e-type=\"container\" data-settings=\"{&quot;background_background&quot;:&quot;classic&quot;}\">\n\t\t\t\t<div class=\"elementor-element elementor-element-55146a3 elementor-widget elementor-widget-html\" data-id=\"55146a3\" data-element_type=\"widget\" data-e-type=\"widget\" data-widget_type=\"html.default\">\n\t\t\t\t<div class=\"elementor-widget-container\">\n\t\t\t\t\t<h3 class=\"filtersTitle\">Filters<\/h3>\n<label class=\"containerCheck\">Businesses\n  <input id=\"Business\" name=\"businesses\" class=\"filter-chk\" type=\"checkbox\">\n  <span class=\"checkmark\"><\/span>\n<\/label>\n<label class=\"containerCheck\">Organizations\n  <input id=\"Organization\" name=\"organizations\" class=\"filter-chk\" type=\"checkbox\">\n  <span class=\"checkmark\"><\/span>\n<\/label>\n<label class=\"containerCheck\">Les ressources\n  <input id=\"Resource\" name=\"resources\" class=\"filter-chk\" type=\"checkbox\">\n  <span class=\"checkmark\"><\/span>\n<\/label>\n<label class=\"containerCheck\">Incitatifs\n  <input id=\"Incentive\" name=\"incentives\" class=\"filter-chk\" type=\"checkbox\">\n  <span class=\"checkmark\"><\/span>\n<\/label>\n<a id=\"btn_filter\" href=\"#\" class=\"standardBtn fullWidth\" >Filter<img decoding=\"async\" src=\"\/wp-content\/uploads\/2024\/05\/arrow-btn-right.png\" \/><\/a>\t\t\t\t<\/div>\n\t\t\t\t<\/div>\n\t\t\t\t<\/div>\n\t\t<div class=\"elementor-element elementor-element-42d827f e-con-full e-flex e-con e-child\" data-id=\"42d827f\" data-element_type=\"container\" data-e-type=\"container\" data-settings=\"{&quot;background_background&quot;:&quot;classic&quot;}\">\n\t\t\t\t<div class=\"elementor-element elementor-element-e3dc12d elementor-widget elementor-widget-html\" data-id=\"e3dc12d\" data-element_type=\"widget\" data-e-type=\"widget\" data-widget_type=\"html.default\">\n\t\t\t\t<div class=\"elementor-widget-container\">\n\t\t\t\t\t<div id=\"resources_wrapper\">\n    \n<\/div>\t\t\t\t<\/div>\n\t\t\t\t<\/div>\n\t\t\t\t<\/div>\n\t\t\t\t\t<\/div>\n\t\t\t\t<\/div>\n\t\t<div class=\"elementor-element elementor-element-adb6669 e-grid e-con-full e-con e-parent\" data-id=\"adb6669\" data-element_type=\"container\" data-e-type=\"container\" data-settings=\"{&quot;background_background&quot;:&quot;classic&quot;}\">\n\t\t<div class=\"elementor-element elementor-element-b032268 e-con-full footerPadding firstFooter e-flex e-con e-child\" data-id=\"b032268\" data-element_type=\"container\" data-e-type=\"container\">\n\t\t\t\t<div class=\"elementor-element elementor-element-0f93ea2 elementor-widget elementor-widget-image\" data-id=\"0f93ea2\" data-element_type=\"widget\" data-e-type=\"widget\" data-widget_type=\"image.default\">\n\t\t\t\t<div class=\"elementor-widget-container\">\n\t\t\t\t\t\t\t\t\t\t\t\t\t\t\t<img decoding=\"async\" width=\"406\" height=\"104\" src=\"https:\/\/renewablesnb.ca\/wp-content\/uploads\/2025\/05\/RNB-Logo-Fr-White.png\" class=\"attachment-full size-full wp-image-546\" alt=\"\" srcset=\"https:\/\/renewablesnb.ca\/wp-content\/uploads\/2025\/05\/RNB-Logo-Fr-White.png 1934w, https:\/\/renewablesnb.ca\/wp-content\/uploads\/2025\/05\/RNB-Logo-Fr-White-300x68.png 300w, https:\/\/renewablesnb.ca\/wp-content\/uploads\/2025\/05\/RNB-Logo-Fr-White-1024x233.png 1024w, https:\/\/renewablesnb.ca\/wp-content\/uploads\/2025\/05\/RNB-Logo-Fr-White-768x175.png 768w, https:\/\/renewablesnb.ca\/wp-content\/uploads\/2025\/05\/RNB-Logo-Fr-White-1536x349.png 1536w, https:\/\/renewablesnb.ca\/wp-content\/uploads\/2025\/05\/RNB-Logo-Fr-White-18x4.png 18w\" sizes=\"(max-width: 406px) 100vw, 406px\" \/>\t\t\t\t\t\t\t\t\t\t\t\t\t\t\t<\/div>\n\t\t\t\t<\/div>\n\t\t\t\t<div class=\"elementor-element elementor-element-de3b28c footerText elementor-widget elementor-widget-heading\" data-id=\"de3b28c\" data-element_type=\"widget\" data-e-type=\"widget\" data-widget_type=\"heading.default\">\n\t\t\t\t<div class=\"elementor-widget-container\">\n\t\t\t\t\t<h2 class=\"elementor-heading-title elementor-size-default\">Source d\u2019information sur la production d\u2019\u00e9nergie renouvelable \u00e0 petite \u00e9chelle, au Nouveau-Brunswick\n<br><br>\nNous esp\u00e9rons lever les obstacles \u00e0 la connaissance pour ceux qui entrent dans le monde de l'\u00e9nergie renouvelable et inspirer les N\u00e9o-Brunswickois \u00e0 \u00eatre aussi passionn\u00e9s par ces technologies que nous le sommes.<\/h2>\t\t\t\t<\/div>\n\t\t\t\t<\/div>\n\t\t\t\t<\/div>\n\t\t<div class=\"elementor-element elementor-element-717c114 e-con-full footerPadding secondFooter e-flex e-con e-child\" data-id=\"717c114\" data-element_type=\"container\" data-e-type=\"container\">\n\t\t\t\t<div class=\"elementor-element elementor-element-7344a3b elementor-widget elementor-widget-heading\" data-id=\"7344a3b\" data-element_type=\"widget\" data-e-type=\"widget\" data-widget_type=\"heading.default\">\n\t\t\t\t<div class=\"elementor-widget-container\">\n\t\t\t\t\t<h2 class=\"elementor-heading-title elementor-size-default\">Liens du site<\/h2>\t\t\t\t<\/div>\n\t\t\t\t<\/div>\n\t\t\t\t<div class=\"elementor-element elementor-element-81e16f0 elementor-widget elementor-widget-html\" data-id=\"81e16f0\" data-element_type=\"widget\" data-e-type=\"widget\" data-widget_type=\"html.default\">\n\t\t\t\t<div class=\"elementor-widget-container\">\n\t\t\t\t\t<div class=\"halfOne\">\n<a href=\"\/fr\/home\/\">Accueil<\/a>\n<a href=\"\/fr\/about\/\">\u00c0 propos de<\/a>\n<a href=\"\/fr\/incentives\/\">Incitatifs<\/a>\n<a href=\"\/fr\/contact\/\">Contactez-nous<\/a>\n<\/div><div class=\"halfOne\">\n<a href=\"\/fr\/case-studies\/\">\u00c9tudes de cas<\/a>\n<a href=\"\/fr\/program-areas\/\">Domaines de programme<\/a>\n<a href=\"\/fr\/resources\/\">Les ressources<\/a>\n<\/div>\t\t\t\t<\/div>\n\t\t\t\t<\/div>\n\t\t\t\t<\/div>\n\t\t<div class=\"elementor-element elementor-element-fb753a1 e-con-full footerPadding lastFooter e-flex e-con e-child\" data-id=\"fb753a1\" data-element_type=\"container\" data-e-type=\"container\">\n\t\t\t\t<div class=\"elementor-element elementor-element-64b9843 elementor-widget elementor-widget-heading\" data-id=\"64b9843\" data-element_type=\"widget\" data-e-type=\"widget\" data-widget_type=\"heading.default\">\n\t\t\t\t<div class=\"elementor-widget-container\">\n\t\t\t\t\t<h2 class=\"elementor-heading-title elementor-size-default\">Autres liens<\/h2>\t\t\t\t<\/div>\n\t\t\t\t<\/div>\n\t\t\t\t<div class=\"elementor-element elementor-element-e0dd56f elementor-widget elementor-widget-html\" data-id=\"e0dd56f\" data-element_type=\"widget\" data-e-type=\"widget\" data-widget_type=\"html.default\">\n\t\t\t\t<div class=\"elementor-widget-container\">\n\t\t\t\t\t<div class=\"socialFooter\">\n    <a href=\"https:\/\/www.facebook.com\/eosecoenergyinc\/\"><img decoding=\"async\" src=\"\/wp-content\/uploads\/2024\/05\/facebook-1.png\" \/><\/a>    <a href=\"https:\/\/www.instagram.com\/eosecoenergy\/?hl=en\"><img decoding=\"async\" src=\"\/wp-content\/uploads\/2024\/05\/instagram-1.png\" \/><\/a>\n    <a href=\"https:\/\/www.youtube.com\/channel\/UC4UJaDRkpCUme9miBDFME_g\"><img decoding=\"async\" src=\"\/wp-content\/uploads\/2024\/05\/youtube-1.png\" \/><\/a><a href=\"https:\/\/www.linkedin.com\/company\/eos-eco-energy\/\"><img decoding=\"async\" src=\"\/wp-content\/uploads\/2024\/05\/linkedin-1.png\" \/><\/a>  \n<\/div>\t\t\t\t<\/div>\n\t\t\t\t<\/div>\n\t\t\t\t<div class=\"elementor-element elementor-element-3666036 borderTop elementor-widget elementor-widget-image\" data-id=\"3666036\" data-element_type=\"widget\" data-e-type=\"widget\" data-widget_type=\"image.default\">\n\t\t\t\t<div class=\"elementor-widget-container\">\n\t\t\t\t\t\t\t\t\t\t\t\t\t\t\t<img fetchpriority=\"high\" decoding=\"async\" width=\"640\" height=\"313\" src=\"https:\/\/renewablesnb.ca\/wp-content\/uploads\/2024\/05\/nb-canada-logo-1024x500.png\" class=\"attachment-large size-large wp-image-636\" alt=\"\" srcset=\"https:\/\/renewablesnb.ca\/wp-content\/uploads\/2024\/05\/nb-canada-logo-1024x500.png 1024w, https:\/\/renewablesnb.ca\/wp-content\/uploads\/2024\/05\/nb-canada-logo-300x147.png 300w, https:\/\/renewablesnb.ca\/wp-content\/uploads\/2024\/05\/nb-canada-logo-768x375.png 768w, https:\/\/renewablesnb.ca\/wp-content\/uploads\/2024\/05\/nb-canada-logo-1536x751.png 1536w, https:\/\/renewablesnb.ca\/wp-content\/uploads\/2024\/05\/nb-canada-logo-2048x1001.png 2048w\" sizes=\"(max-width: 640px) 100vw, 640px\" \/>\t\t\t\t\t\t\t\t\t\t\t\t\t\t\t<\/div>\n\t\t\t\t<\/div>\n\t\t\t\t<\/div>\n\t\t\t\t<\/div>\n\t\t\t\t<\/div>","protected":false},"excerpt":{"rendered":"<p>Resources List of useful businesses and resources. List of useful businesses and resources. Business &amp; Resource Directory Do you know a New Brunswick business or organization that is not on our list? Let us know! *Note: The companies listed here have not been vetted by Renewables NB (RNB). Filters Businesses Organizations Resources Incentives Filter The source for small-scale, renewable energy projects in New Brunswick, Canada. We hope to remove knowledge barriers for those entering the world of renewable energy and inspire New Brunswickers to be as passionate about these technologies as we are. Site Links Home About Incentives Contact Case Studies Program Areas Resources Other Links<\/p>","protected":false},"author":2,"featured_media":0,"parent":0,"menu_order":0,"comment_status":"closed","ping_status":"closed","template":"","meta":{"_acf_changed":false,"footnotes":""},"class_list":["post-1753","page","type-page","status-publish","hentry"],"acf":[],"_links":{"self":[{"href":"https:\/\/renewablesnb.ca\/fr\/wp-json\/wp\/v2\/pages\/1753","targetHints":{"allow":["GET"]}}],"collection":[{"href":"https:\/\/renewablesnb.ca\/fr\/wp-json\/wp\/v2\/pages"}],"about":[{"href":"https:\/\/renewablesnb.ca\/fr\/wp-json\/wp\/v2\/types\/page"}],"author":[{"embeddable":true,"href":"https:\/\/renewablesnb.ca\/fr\/wp-json\/wp\/v2\/users\/2"}],"replies":[{"embeddable":true,"href":"https:\/\/renewablesnb.ca\/fr\/wp-json\/wp\/v2\/comments?post=1753"}],"version-history":[{"count":106,"href":"https:\/\/renewablesnb.ca\/fr\/wp-json\/wp\/v2\/pages\/1753\/revisions"}],"predecessor-version":[{"id":7383,"href":"https:\/\/renewablesnb.ca\/fr\/wp-json\/wp\/v2\/pages\/1753\/revisions\/7383"}],"wp:attachment":[{"href":"https:\/\/renewablesnb.ca\/fr\/wp-json\/wp\/v2\/media?parent=1753"}],"curies":[{"name":"wp","href":"https:\/\/api.w.org\/{rel}","templated":true}]}}