{"id":2250,"date":"2024-07-26T00:46:23","date_gmt":"2024-07-26T00:46:23","guid":{"rendered":"http:\/\/178.128.235.10\/?page_id=2250"},"modified":"2024-07-26T00:59:33","modified_gmt":"2024-07-26T00:59:33","slug":"solar-area","status":"publish","type":"page","link":"https:\/\/renewablesnb.ca\/fr\/solar-area\/","title":{"rendered":"\u00c9nergie Solaire"},"content":{"rendered":"<p>Le soleil est le moteur de presque tous les ph\u00e9nom\u00e8nes naturels terrestres et celui de nombreux proc\u00e9d\u00e9s \u00e0 \u00e9nergie renouvelable. Le soleil chauffe l\u2019air et le fait monter et circuler, ce qui cr\u00e9e les courants de vent. De m\u00eame, en faisant \u00e9vaporer l\u2019eau et en entra\u00eenant le cycle de l\u2019eau, il permet aux rivi\u00e8res et \u00e0 l\u2019eau de surface de circuler. L\u2019\u00e9nergie solaire est la raison pour laquelle les \u00e9oliennes, les barrages hydro\u00e9lectriques et de nombreux autres syst\u00e8mes peuvent fonctionner. En plus de fournir l\u2019\u00e9nergie pour ces installations, l\u2019\u00e9nergie solaire peut servir \u00e0 chauffer et \u00e0 produire de l\u2019\u00e9lectricit\u00e9.<\/p>\n<h2>Solaire passif<\/h2>\n<p>Les dispositifs solaires passifs reposent sur l\u2019utilisation directe de la chaleur produite par le soleil. Vous avez probablement d\u00e9j\u00e0 utilis\u00e9 passivement le soleil sans vous en rendre compte, en faisant s\u00e9cher des v\u00eatements sur une corde \u00e0 linge ou en laissant les stores ouverts une journ\u00e9e ensoleill\u00e9e pour chauffer l\u2019int\u00e9rieur de la maison. Pour obtenir une maison solaire passive, il faut utiliser ce second principe et concevoir le b\u00e2timent en cons\u00e9quence. Les b\u00e2timents fortement \u00e9conerg\u00e9tiques poss\u00e8dent de grandes fen\u00eatres au sud ou au sud-ouest (ou au nord, si vous vous trouvez dans l\u2019h\u00e9misph\u00e8re sud), qui permettent au soleil de chauffer une pi\u00e8ce. Ils disposent g\u00e9n\u00e9ralement d\u2019une masse thermique \u2014 une construction volumineuse qui peut absorber et retenir la chaleur durant la journ\u00e9e, et la lib\u00e9rer lentement la nuit \u00e0 mesure que la temp\u00e9rature baisse. Un exemple type de masse thermique est un plancher de b\u00e9ton. Si vous envisagez de construire une maison, utiliser le solaire passif vous aidera \u00e0 r\u00e9duire votre facture d\u2019\u00e9lectricit\u00e9 tout au long de sa dur\u00e9e de vie.<\/p>\n<ul>\n<li><a href=\"https:\/\/renewablesnb.ca\/fr\/category\/passive-solar\/\">Projets solaires passifs au Nouveau-Brunswick<\/a><\/li>\n<\/ul>\n<h2>Chauffage actif des locaux<\/h2>\n<p>Le chauffage actif des locaux requiert l\u2019installation de capteurs solaires sur le toit du b\u00e2timent ou dans un endroit ensoleill\u00e9 \u00e0 proximit\u00e9. Ces capteurs sont g\u00e9n\u00e9ralement constitu\u00e9s de bo\u00eetiers noirs r\u00e9fl\u00e9chissants (de la taille de panneaux solaires) renfermant des canalisations peintes en noir \u00e9galement. Un fluide est envoy\u00e9 dans les canalisations o\u00f9 il est chauff\u00e9 par le soleil, avant d\u2019\u00eatre achemin\u00e9 vers l\u2019int\u00e9rieur pour fournir de la chaleur. Le fluide peut \u00eatre de l\u2019air pouvant \u00eatre distribu\u00e9 dans l\u2019immeuble au moyen de ventilateurs. On peut aussi chauffer un liquide tel que de l\u2019eau ou un frigorig\u00e8ne dans les capteurs solaires et l\u2019emmagasiner dans un r\u00e9servoir. La chaleur contenue dans le r\u00e9servoir pourra alors \u00eatre int\u00e9gr\u00e9e \u00e0 la fournaise.<\/p>\n<h2>Chauffage solaire de l\u2019eau<\/h2>\n<p>Le proc\u00e9d\u00e9 utilis\u00e9 pour chauffer de l\u2019eau au moyen du soleil est semblable \u00e0 celui employ\u00e9 pour le chauffage actif des locaux. L\u2019eau est chauff\u00e9e \u00e0 l\u2019int\u00e9rieur des capteurs par le soleil, avant d\u2019\u00eatre achemin\u00e9e vers un r\u00e9servoir de stockage. Comme l\u2019eau chaude est moins dense que l\u2019eau froide, l\u2019eau ainsi chauff\u00e9e monte vers le haut du r\u00e9servoir, o\u00f9 elle peut \u00eatre puis\u00e9e en vue de son utilisation. L\u2019eau froide dans le bas du r\u00e9servoir est ensuite pomp\u00e9e dans les capteurs solaires pour y \u00eatre r\u00e9chauff\u00e9e. Les syst\u00e8mes de chauffage solaire de l\u2019eau sont souvent employ\u00e9s conjointement avec d\u2019autres chauffe-eau. Cette association all\u00e8ge la charge des moyens de chauffage conventionnels et fait en sorte qu\u2019il y a toujours de l\u2019eau chaude quand on a besoin. Une autre application de ce proc\u00e9d\u00e9 est le chauffage de l\u2019eau des piscines ext\u00e9rieures.<\/p>\n<h2>Solaire photovolta\u00efque<\/h2>\n<p>Solaire photovolta\u00efque (<abbr title=\"photovoltaic\">panneaux photovolta\u00efques,<\/abbr>) servent \u00e0 produire de l\u2019\u00e9lectricit\u00e9 \u00e0 partir de l\u2019\u00e9nergie solaire; c\u2019est g\u00e9n\u00e9ralement \u00e0 elles que l\u2019on pense quand on imagine la production d\u2019\u00e9nergie solaire renouvelable. Compos\u00e9es de fines couches de silicium cristallin, elles sont regroup\u00e9es pour former des panneaux solaires. Une batterie solaire est constitu\u00e9e de plusieurs panneaux PV. Lorsque les rayons solaires frappent les cellules, l\u2019\u00e9nergie lumineuse arrache des \u00e9lectrons au silicium. Cet arrachement et la circulation d\u2019\u00e9lectrons qui s\u2019ensuit cr\u00e9ent de l\u2019\u00e9lectricit\u00e9 utilisable. On peut faire varier les structures de silicium cristallin dans les cellules PV pour am\u00e9liorer l\u2019efficacit\u00e9 ou att\u00e9nuer l\u2019impact \u00e9cologique pendant la fabrication. Les syst\u00e8mes photovolta\u00efques produisent de l\u2019\u00e9lectricit\u00e9 quand les rayons qui viennent les frapper cr\u00e9ent suffisamment d\u2019\u00e9nergie, m\u00eame par journ\u00e9e nuageuse.<\/p>\n<ul>\n<li><a href=\"https:\/\/renewablesnb.ca\/fr\/category\/solar-panels\/\">Projets solaires actifs au Nouveau-Brunswick<\/a><\/li>\n<\/ul>","protected":false},"excerpt":{"rendered":"<p>The sun is the driving force for almost all natural phenomena on Earth, and is the driving force for many other renewable technologies. The sun heats air causing it to rise and flow, creating wind currents. By evaporating water and inducing the water cycle, rivers and surface water can continue to flow. The sun\u2019s energy is the reason why wind turbines, hydroelectric dams, and many other technologies can function. On top of supplying energy for these processes, the energy of the sun can be used for heating and electricity generation. Passive solar Passive solar systems rely on the direct use of heat from the sun. Everyone has probably used solar passively without realizing it by hanging clothes out to dry on a line, or keeping blinds open on a sunny winter day to heat the inside of a building. By taking that second idea and design a building around it, a passive solar home may be achieved. These highly energy efficient buildings have large south or southwest facing windows (or north-facing, if the building is located in the southern hemisphere) that allow sunlight to heat up a room. These homes typically feature a thermal mass \u2014 a large object that can absorb and retain heat during the day, and release it slowly during the evening as the temperatures drop. A classic example of a thermal mass is a concrete floor. For those considering building a new house, a passive solar home will help keep energy bills down throughout its lifespan. New Brunswick Passive Solar case studies Active space heating Active space heating requires solar collectors to be installed on a building\u2019s roof, or a nearby sunny location. These collectors are usually reflective black boxes (comparable in size to solar panels) containing black-painted piping. A fluid is pumped through this piping where it can be heated by the sun, before being brought inside to provide heat. An example of one of these fluids is air, which can be transported throughout a building using fans. Another option is to heat a liquid such as water or refrigerant in the collectors, and store them in a tank. The heat from this tank may be integrated into an existing furnace system. Solar water heating The process for solar water heating is quite similar to that for active space heating. Inside the solar collectors, water is heated by the sun before being transported to a water storage tank. Since hot water is less dense than cold water, the heated water will rise to the top of the storage tank where it can be removed for use. The cold water at the bottom of the storage tank can then be pumped through the solar collectors to heat it up. Solar water heating systems are often used in conjunction with other water heaters. This pairing helps to relieve the load on conventional water heating methods, and ensures that there is always warm water when it is needed. Solar water heating for outdoor swimming pools is another common application for this technology. Solar photovoltaic Solar photovoltaic (PV) cells are used to generate electricity from the sun\u2019s energy, and are typically what people think about when they hear of solar-powered renewables. Thin sheets of crystalline silicon are layered to create a single solar PV cell, and a collection of cells can be used to create a single solar panel. A solar array is a group of solar PV panels. As sunlight strikes the PV cells, the light energy causes the silicon to release electrons. The release and subsequent flow of electrons creates useable electricity. Variations on the crystalline silicon structures in PV cells can be used to improve efficiency or lower ecological impact during manufacturing. PV systems can generate electricity whenever the light striking them provides significant energy, which allows for electricity generation even on cloudy days. New Brunswick Active Solar case studies<\/p>","protected":false},"author":2,"featured_media":0,"parent":0,"menu_order":0,"comment_status":"closed","ping_status":"closed","template":"page-template.php","meta":{"_acf_changed":false,"footnotes":""},"class_list":["post-2250","page","type-page","status-publish","hentry"],"acf":[],"_links":{"self":[{"href":"https:\/\/renewablesnb.ca\/fr\/wp-json\/wp\/v2\/pages\/2250","targetHints":{"allow":["GET"]}}],"collection":[{"href":"https:\/\/renewablesnb.ca\/fr\/wp-json\/wp\/v2\/pages"}],"about":[{"href":"https:\/\/renewablesnb.ca\/fr\/wp-json\/wp\/v2\/types\/page"}],"author":[{"embeddable":true,"href":"https:\/\/renewablesnb.ca\/fr\/wp-json\/wp\/v2\/users\/2"}],"replies":[{"embeddable":true,"href":"https:\/\/renewablesnb.ca\/fr\/wp-json\/wp\/v2\/comments?post=2250"}],"version-history":[{"count":2,"href":"https:\/\/renewablesnb.ca\/fr\/wp-json\/wp\/v2\/pages\/2250\/revisions"}],"predecessor-version":[{"id":2252,"href":"https:\/\/renewablesnb.ca\/fr\/wp-json\/wp\/v2\/pages\/2250\/revisions\/2252"}],"wp:attachment":[{"href":"https:\/\/renewablesnb.ca\/fr\/wp-json\/wp\/v2\/media?parent=2250"}],"curies":[{"name":"wp","href":"https:\/\/api.w.org\/{rel}","templated":true}]}}