{"id":2253,"date":"2024-07-26T00:48:06","date_gmt":"2024-07-26T00:48:06","guid":{"rendered":"http:\/\/178.128.235.10\/?page_id=2253"},"modified":"2024-07-26T00:50:01","modified_gmt":"2024-07-26T00:50:01","slug":"bioenergy-area","status":"publish","type":"page","link":"https:\/\/renewablesnb.ca\/fr\/bioenergy-area\/","title":{"rendered":"Bio\u00e9nergie"},"content":{"rendered":"<p>La bio\u00e9nergie est l\u2019\u00e9nergie produite \u00e0 partir d\u2019organismes vivants, ou qui ont v\u00e9cu. Le p\u00e9trole, le charbon et le gaz naturel sont, par d\u00e9finition, des formes de bio\u00e9nergie; cependant, ils ne sont pas durables parce que les combustibles fossiles ont mis des millions d\u2019ann\u00e9es \u00e0 se constituer. Cette section se concentre plut\u00f4t sur la bio\u00e9nergie produite \u00e0 partir de sources qui se renouvellent rapidement, ce qui prouve que cette ressource peut aussi servir de source d\u2019\u00e9nergie durable. Nos anc\u00eatres utilisaient d\u00e9j\u00e0 la bio\u00e9nergie sous forme de feux de bois il y a des milliers d\u2019ann\u00e9es, un proc\u00e9d\u00e9 encore employ\u00e9 de nos jours dans les fours \u00e0 bois modernes. Gr\u00e2ce \u00e0 un certain nombre de proc\u00e9d\u00e9s chimiques et biologiques, il est possible de transformer le carbone que rec\u00e8le la mati\u00e8re organique en sources de combustible neutre en carbone, les biocarburants. Le Nouveau-Brunswick est riche en ressources pouvant servir \u00e0 produire de la chaleur et de l\u2019\u00e9lectricit\u00e9, et des projets bio\u00e9nerg\u00e9tiques sont en cours partout dans la province!<\/p>\n<ul>\n<li><a href=\"https:\/\/renewablesnb.ca\/fr\/category\/bioenergy\/\">\u00c9tudes de cas sur la bio\u00e9nergie au Nouveau-Brunswick<\/a><\/li>\n<\/ul>\n<figure id=\"attachment_877\" class=\"wp-caption alignnone\" aria-describedby=\"caption-attachment-877\"><img fetchpriority=\"high\" decoding=\"async\" class=\"size-full wp-image-877\" src=\"https:\/\/renewablesnb.ca\/wp-content\/uploads\/2009\/11\/harrymarthabryan-kitchen-stove-11-16-09-022.jpg\" sizes=\"(max-width: 640px) 100vw, 640px\" srcset=\"https:\/\/renewablesnb.ca\/wp-content\/uploads\/2009\/11\/harrymarthabryan-kitchen-stove-11-16-09-022.jpg 640w, https:\/\/renewablesnb.ca\/wp-content\/uploads\/2009\/11\/harrymarthabryan-kitchen-stove-11-16-09-022-350x262.jpg 350w\" alt=\"Kitchen wood stove\" width=\"640\" height=\"480\"><figcaption id=\"caption-attachment-877\" class=\"wp-caption-text\">Po\u00eale \u00e0 bois<\/figcaption><\/figure>\n<h2>Biomasse<\/h2>\n<p>La biomasse est constitu\u00e9e des mati\u00e8res biologiques solides pouvant \u00eatre utilis\u00e9es pour la production d\u2019\u00e9nergie ou \u00e0 la place de combustibles fossiles. Il est possible de lib\u00e9rer l\u2019\u00e9nergie stock\u00e9e dans la biomasse par combustion ou gaz\u00e9ification. Peut-\u00eatre l\u2019exemple le plus familier en est le br\u00fblage de produits du bois comme les b\u00fbches, les granules et les rabotures de bois franc densifi\u00e9es. D\u2019autres formes courantes de biomasse sont les r\u00e9sidus agricoles (paille, tiges, feuilles), les d\u00e9chets urbains (d\u00e9chets alimentaires municipaux, r\u00e9sidus de gazon, boues d\u2019\u00e9gout) et les sous-produits animaliers (fumier, graisses), qui peuvent \u00eatre \u00e9pandus sur le sol. Les biosolides sont de fantastiques sources d\u2019\u00e9l\u00e9ments nutritifs du sol et sont utilisables comme engrais.<\/p>\n<p>Si l\u2019\u00e9pandage n\u2019est g\u00e9n\u00e9ralement pas une forme d\u2019\u00e9nergie renouvelable, elle peut avoir des bienfaits environnementaux vari\u00e9s sur la qualit\u00e9 du sol et de l\u2019eau des \u00e9cosyst\u00e8mes locaux. Divers produits de biomasse peuvent servir \u00e0 renforcer le profil de sol, \u00e0 pr\u00e9venir l\u2019\u00e9rosion et \u00e0 fournir les nutriments aux cours d\u2019eau locaux afin de favoriser le d\u00e9veloppement des \u00e9cosyst\u00e8mes. Si les caract\u00e9ristiques de l\u2019\u00e9pandage d\u00e9passent le cadre de ce site web, nous croyons que cet usage de la biomasse doit \u00eatre mentionn\u00e9.<\/p>\n<p>Si vous voulez en savoir plus sur l\u2019\u00e9pandage, consultez :<\/p>\n<ul>\n<li><a href=\"http:\/\/www.agr.gc.ca\/fra\/industrie-marches-et-commerce\/statistiques-et-information-sur-les-marches\/par-produit-secteur\/bioproduits\/?id=1361906627801\">Bioproduits, par Agriculture et Agroalimentaire Canada<\/a>.<\/li>\n<\/ul>\n<h2>Biocarburants<\/h2>\n<p>Il existe un certain nombre de proc\u00e9d\u00e9s pour raffiner les produits de la biomasse afin d\u2019en faire des combustibles utilisables. La digestion ana\u00e9robie consiste \u00e0 laisser des microorganismes rompre ces produits en absence d\u2019oxyg\u00e8ne. En se rompant, les \u00e9l\u00e9ments de biomasse produisent des liqueurs et des biogaz qui poss\u00e8dent un bien meilleur potentiel \u00e9nerg\u00e9tique que leurs homologues solides. Ces produits fortement \u00e9nerg\u00e9tiques sont appel\u00e9s biocarburants et peuvent remplacer des combustibles fossiles ou y \u00eatre associ\u00e9s. L\u2019\u00e9thanol est un exemple de biocarburant couramment m\u00e9lang\u00e9 \u00e0 l\u2019essence.<\/p>\n<h2>Impact environnemental<\/h2>\n<p>Par d\u00e9finition, la combustion de toute mati\u00e8re organique se traduit par des \u00e9missions de dioxyde de carbone. Cependant, les biocarburants sont consid\u00e9r\u00e9s comme des sources \u00e9nerg\u00e9tiques neutres en carbone. Les plantes utilisent la photosynth\u00e8se pour pousser; cette r\u00e9action consomme du dioxyde de carbone et produit de l\u2019oxyg\u00e8ne. Le carbone est stock\u00e9 \u00e0 l\u2019int\u00e9rieur de la plante et sera lib\u00e9r\u00e9 \u00e0 la fin de son cycle de vie, lorsqu\u2019elle sera br\u00fbl\u00e9e ou utilis\u00e9e d\u2019une autre mani\u00e8re \u00e0 des fins \u00e9nerg\u00e9tiques. Comme le dioxyde de carbone lib\u00e9r\u00e9 par les plantes a d\u00e9j\u00e0 exist\u00e9 dans l\u2019atmosph\u00e8re, aucun nouveau dioxyde de carbone n\u2019est \u00e9mis. \u00c0 l\u2019inverse, les combustibles fossiles sont stock\u00e9s sous forme solide ou liquide dans la terre, puis lib\u00e8rent du nouveau dioxyde de carbone dans l\u2019atmosph\u00e8re lorsqu\u2019ils sont br\u00fbl\u00e9s.<\/p>","protected":false},"excerpt":{"rendered":"<p>Bioenergy is energy that is generated from living, or once living, organisms. Oil, coal, and natural gas are by definition forms of bioenergy, however are not sustainable because these fossil fuels are formed over the course of millions of years. Instead, this section will focus on bioenergy generated from faster-replenishing sources, which demonstrates how this resource can also function as a sustainable energy. Human ancestors had been using bioenergy in the form of wood fires hundreds of thousands of years ago, a technology that is still used today in modern wood stoves. Through a number of chemical and biological processes, the carbon within organic matter can be turned into carbon neutral fuel sources, called biofuels. New Brunswick has a wealth of resources that can be used to generate heat and electricity, and bioenergy projects can be seen all across the province! New Brunswick Bioenergy case studies Kitchen wood stove Biomass Biomass refers to solid biological materials that can be used for energy generation or in place of fossil fuels. The energy stored in biomass can be released via combustion or gasification. Perhaps the most familiar example is burning wood products such as logs, pellets, and densified hardwood shavings. Other common forms of biomass include agriculture residues (straws, stalks, leaves), urban wastes (municipal food waste, lawn waste, wastewater sludge), and animal byproducts (manure, fats) that can be used for land application purposes. Biosolids are fantastic sources of soil nutrients and can be used as fertilizers. While land application isn\u2019t traditionally a form of renewable energy, it can have a variety of beneficial environmental impacts on the soil and water quality of local ecosystems. Various biomasses can be used to strengthen soil profiles, prevent erosion, and provide nutrients to local waterways to promote ecosystem development. While the specifics of land applications are outside the scope of this website, we believe that this biomass use is worth mentioning. For those interested in learning more about land application, check out: Bioproducts by Agriculture and Agri-Food Canada. Biofuels A number of processes exist to further refine biomass products into usable fuels. Anaerobic digestion is the process of allowing microorganisms to break down biomass products in the absence of oxygen. As the biomass products break down, they produce liquors and biogases that have a much higher energy potential than their solid counterparts. These high-energy products are referred to as biofuels and may be used in place of, or mixed with, fossil fuels. Ethanol is an example of a biofuel that is commonly mixed with gasoline. Environmental Impact By definition, combustion of any organic material will result in carbon dioxide emissions. Biofuels however are referred to as carbon-neutral energy sources. Plants use photosynthesis to grow, and this reaction consumes carbon dioxide and produces oxygen gas. The carbon is stored within the plants, and can be released at the end of the plant\u2019s lifecycle when it is burned, or otherwise used, for energy. Since the carbon dioxide released by the plants had previously existed in the atmosphere, no new carbon dioxide is being emitted. This is contrasted by fossil fuels where they are stored in solid or liquid form within the earth, and release new carbon dioxide into the atmosphere when burnt.<\/p>","protected":false},"author":2,"featured_media":0,"parent":0,"menu_order":0,"comment_status":"closed","ping_status":"closed","template":"page-template.php","meta":{"_acf_changed":false,"footnotes":""},"class_list":["post-2253","page","type-page","status-publish","hentry"],"acf":[],"_links":{"self":[{"href":"https:\/\/renewablesnb.ca\/fr\/wp-json\/wp\/v2\/pages\/2253","targetHints":{"allow":["GET"]}}],"collection":[{"href":"https:\/\/renewablesnb.ca\/fr\/wp-json\/wp\/v2\/pages"}],"about":[{"href":"https:\/\/renewablesnb.ca\/fr\/wp-json\/wp\/v2\/types\/page"}],"author":[{"embeddable":true,"href":"https:\/\/renewablesnb.ca\/fr\/wp-json\/wp\/v2\/users\/2"}],"replies":[{"embeddable":true,"href":"https:\/\/renewablesnb.ca\/fr\/wp-json\/wp\/v2\/comments?post=2253"}],"version-history":[{"count":2,"href":"https:\/\/renewablesnb.ca\/fr\/wp-json\/wp\/v2\/pages\/2253\/revisions"}],"predecessor-version":[{"id":2255,"href":"https:\/\/renewablesnb.ca\/fr\/wp-json\/wp\/v2\/pages\/2253\/revisions\/2255"}],"wp:attachment":[{"href":"https:\/\/renewablesnb.ca\/fr\/wp-json\/wp\/v2\/media?parent=2253"}],"curies":[{"name":"wp","href":"https:\/\/api.w.org\/{rel}","templated":true}]}}